{"id":18,"date":"2015-02-01T00:50:02","date_gmt":"2015-02-01T00:50:02","guid":{"rendered":"http:\/\/www.words.vasnfer.com\/?page_id=18"},"modified":"2015-02-06T22:55:57","modified_gmt":"2015-02-06T22:55:57","slug":"warning","status":"publish","type":"page","link":"https:\/\/www.palavraporpalavras.com\/Blog\/warning\/","title":{"rendered":"Aviso"},"content":{"rendered":"<h1 style=\"text-align: center;\">AVISO<\/h1>\n<p style=\"text-align: center;\"><b>As visitas a este site com origem no seu pa\u00eds encontram-se INTERDITAS\u00a0neste momento.<\/b><\/p>\n<p style=\"text-align: center;\">Lamentamos os inc\u00f3modos causados.<\/p>\n<h1 style=\"text-align: center;\"><\/h1>\n<h1 style=\"text-align: center;\">AVISO<\/h1>\n<p style=\"text-align: center;\"><b>Las visitas a este s\u00edtio con origen desde su pa\u00eds est\u00e1n temporariamente BLOQUEADAS.<\/b><\/p>\n<p style=\"text-align: center;\">Lamentamos todos los transtornos.<\/p>\n<p style=\"text-align: center;\">\n<h1 style=\"text-align: center;\">WARNING<\/h1>\n<p style=\"text-align: center;\"><strong>Visits to this site in from your country are PROHIBITED at this time.<\/strong><\/p>\n<p style=\"text-align: center;\">We apologize for any inconvenience caused.<\/p>\n<p>&nbsp;<\/p>\n<h1 style=\"text-align: center;\">ADVERTISEMENT<\/h1>\n<p style=\"text-align: center;\"><strong>Visites \u00e0 ce site \u00e0 partir de votre pays sont INTERDITS en ce moment.<\/strong><\/p>\n<p style=\"text-align: center;\">Nous nous excusons pour la g\u00eane occasionn\u00e9e.<\/p>\n","protected":false},"excerpt":{"rendered":"<p class=\"excerpt\">AVISO As visitas a este site com origem no seu pa\u00eds encontram-se INTERDITAS\u00a0neste momento. Lamentamos os inc\u00f3modos causados. AVISO Las visitas a este s\u00edtio con origen desde su pa\u00eds est\u00e1n temporariamente BLOQUEADAS. Lamentamos todos los transtornos. WARNING Visits to this site in from your country are PROHIBITED at this time. We apologize for any inconvenience caused. &nbsp; ADVERTISEMENT Visites \u00e0&hellip; <a href=\"https:\/\/www.palavraporpalavras.com\/Blog\/warning\/\">Read more &rarr;<\/a><\/p>\n","protected":false},"author":1,"featured_media":0,"parent":0,"menu_order":0,"comment_status":"open","ping_status":"open","template":"","meta":{"_mi_skip_tracking":false,"_exactmetrics_sitenote_active":false,"_exactmetrics_sitenote_note":"","_exactmetrics_sitenote_category":0,"jetpack_post_was_ever_published":false,"footnotes":""},"yoast_head":"<!-- This site is optimized with the Yoast SEO plugin v21.6 - https:\/\/yoast.com\/wordpress\/plugins\/seo\/ -->\n<title>Aviso - Palavra por Palavras<\/title>\n<meta name=\"robots\" content=\"index, nofollow, max-snippet:-1, max-image-preview:large, max-video-preview:-1\" \/>\n<link rel=\"canonical\" href=\"https:\/\/www.palavraporpalavras.com\/Blog\/warning\/\" \/>\n<meta property=\"og:locale\" content=\"pt_PT\" \/>\n<meta property=\"og:type\" content=\"article\" \/>\n<meta property=\"og:title\" content=\"Aviso - Palavra por Palavras\" \/>\n<meta property=\"og:description\" content=\"AVISO As visitas a este site com origem no seu pa\u00eds encontram-se INTERDITAS\u00a0neste momento. Lamentamos os inc\u00f3modos causados. AVISO Las visitas a este s\u00edtio con origen desde su pa\u00eds est\u00e1n temporariamente BLOQUEADAS. Lamentamos todos los transtornos. WARNING Visits to this site in from your country are PROHIBITED at this time. We apologize for any inconvenience caused. &nbsp; ADVERTISEMENT Visites \u00e0&hellip; Read more &rarr;\" \/>\n<meta property=\"og:url\" content=\"https:\/\/www.palavraporpalavras.com\/Blog\/warning\/\" \/>\n<meta property=\"og:site_name\" content=\"Palavra por Palavras\" \/>\n<meta property=\"article:publisher\" content=\"http:\/\/www.facebook.com\/vasnfer\" \/>\n<meta property=\"article:modified_time\" content=\"2015-02-06T22:55:57+00:00\" \/>\n<script type=\"application\/ld+json\" class=\"yoast-schema-graph\">{\"@context\":\"https:\/\/schema.org\",\"@graph\":[{\"@type\":\"WebPage\",\"@id\":\"https:\/\/www.palavraporpalavras.com\/Blog\/warning\/\",\"url\":\"https:\/\/www.palavraporpalavras.com\/Blog\/warning\/\",\"name\":\"Aviso - Palavra por Palavras\",\"isPartOf\":{\"@id\":\"https:\/\/www.palavraporpalavras.com\/Blog\/#website\"},\"datePublished\":\"2015-02-01T00:50:02+00:00\",\"dateModified\":\"2015-02-06T22:55:57+00:00\",\"breadcrumb\":{\"@id\":\"https:\/\/www.palavraporpalavras.com\/Blog\/warning\/#breadcrumb\"},\"inLanguage\":\"pt-PT\",\"potentialAction\":[{\"@type\":\"ReadAction\",\"target\":[\"https:\/\/www.palavraporpalavras.com\/Blog\/warning\/\"]}]},{\"@type\":\"BreadcrumbList\",\"@id\":\"https:\/\/www.palavraporpalavras.com\/Blog\/warning\/#breadcrumb\",\"itemListElement\":[{\"@type\":\"ListItem\",\"position\":1,\"name\":\"In\u00edcio\",\"item\":\"https:\/\/www.palavraporpalavras.com\/Blog\/\"},{\"@type\":\"ListItem\",\"position\":2,\"name\":\"Aviso\"}]},{\"@type\":\"WebSite\",\"@id\":\"https:\/\/www.palavraporpalavras.com\/Blog\/#website\",\"url\":\"https:\/\/www.palavraporpalavras.com\/Blog\/\",\"name\":\"Palavra por Palavras\",\"description\":\"Uma novela diferente ...\",\"potentialAction\":[{\"@type\":\"SearchAction\",\"target\":{\"@type\":\"EntryPoint\",\"urlTemplate\":\"https:\/\/www.palavraporpalavras.com\/Blog\/?s={search_term_string}\"},\"query-input\":\"required name=search_term_string\"}],\"inLanguage\":\"pt-PT\"}]}<\/script>\n<!-- \/ Yoast SEO plugin. -->","yoast_head_json":{"title":"Aviso - Palavra por Palavras","robots":{"index":"index","follow":"nofollow","max-snippet":"max-snippet:-1","max-image-preview":"max-image-preview:large","max-video-preview":"max-video-preview:-1"},"canonical":"https:\/\/www.palavraporpalavras.com\/Blog\/warning\/","og_locale":"pt_PT","og_type":"article","og_title":"Aviso - Palavra por Palavras","og_description":"AVISO As visitas a este site com origem no seu pa\u00eds encontram-se INTERDITAS\u00a0neste momento. Lamentamos os inc\u00f3modos causados. AVISO Las visitas a este s\u00edtio con origen desde su pa\u00eds est\u00e1n temporariamente BLOQUEADAS. Lamentamos todos los transtornos. WARNING Visits to this site in from your country are PROHIBITED at this time. We apologize for any inconvenience caused. &nbsp; ADVERTISEMENT Visites \u00e0&hellip; Read more &rarr;","og_url":"https:\/\/www.palavraporpalavras.com\/Blog\/warning\/","og_site_name":"Palavra por Palavras","article_publisher":"http:\/\/www.facebook.com\/vasnfer","article_modified_time":"2015-02-06T22:55:57+00:00","schema":{"@context":"https:\/\/schema.org","@graph":[{"@type":"WebPage","@id":"https:\/\/www.palavraporpalavras.com\/Blog\/warning\/","url":"https:\/\/www.palavraporpalavras.com\/Blog\/warning\/","name":"Aviso - Palavra por Palavras","isPartOf":{"@id":"https:\/\/www.palavraporpalavras.com\/Blog\/#website"},"datePublished":"2015-02-01T00:50:02+00:00","dateModified":"2015-02-06T22:55:57+00:00","breadcrumb":{"@id":"https:\/\/www.palavraporpalavras.com\/Blog\/warning\/#breadcrumb"},"inLanguage":"pt-PT","potentialAction":[{"@type":"ReadAction","target":["https:\/\/www.palavraporpalavras.com\/Blog\/warning\/"]}]},{"@type":"BreadcrumbList","@id":"https:\/\/www.palavraporpalavras.com\/Blog\/warning\/#breadcrumb","itemListElement":[{"@type":"ListItem","position":1,"name":"In\u00edcio","item":"https:\/\/www.palavraporpalavras.com\/Blog\/"},{"@type":"ListItem","position":2,"name":"Aviso"}]},{"@type":"WebSite","@id":"https:\/\/www.palavraporpalavras.com\/Blog\/#website","url":"https:\/\/www.palavraporpalavras.com\/Blog\/","name":"Palavra por Palavras","description":"Uma novela diferente ...","potentialAction":[{"@type":"SearchAction","target":{"@type":"EntryPoint","urlTemplate":"https:\/\/www.palavraporpalavras.com\/Blog\/?s={search_term_string}"},"query-input":"required name=search_term_string"}],"inLanguage":"pt-PT"}]}},"jetpack_shortlink":"https:\/\/wp.me\/P7BO36-i","jetpack-related-posts":[{"id":6,"url":"https:\/\/www.palavraporpalavras.com\/Blog\/informacoes-e-indicacoes\/","url_meta":{"origin":18,"position":0},"title":"Informa\u00e7\u00f5es e Indica\u00e7\u00f5es","author":"Vasco Ferreira","date":"1 \/ Fevereiro \/ 2015","format":false,"excerpt":"Quais as informa\u00e7\u00f5es que devo tomar em considera\u00e7\u00e3o ao navegar na Rede Palavras por Palavras ? \u00c9 simples, n\u00e3o existe muita coisa a ter em considera\u00e7\u00e3o caso assim seja do vosso interesse. Ao navegar neste website est\u00e1 a concordar com os Termos de Utiliza\u00e7\u00e3o e Privacidade deste conjunto de websites.\u2026","rel":"","context":"Similar post","block_context":{"text":"Similar post","link":""},"img":{"alt_text":"","src":"","width":0,"height":0},"classes":[]}],"jetpack_sharing_enabled":true,"_links":{"self":[{"href":"https:\/\/www.palavraporpalavras.com\/Blog\/wp-json\/wp\/v2\/pages\/18"}],"collection":[{"href":"https:\/\/www.palavraporpalavras.com\/Blog\/wp-json\/wp\/v2\/pages"}],"about":[{"href":"https:\/\/www.palavraporpalavras.com\/Blog\/wp-json\/wp\/v2\/types\/page"}],"author":[{"embeddable":true,"href":"https:\/\/www.palavraporpalavras.com\/Blog\/wp-json\/wp\/v2\/users\/1"}],"replies":[{"embeddable":true,"href":"https:\/\/www.palavraporpalavras.com\/Blog\/wp-json\/wp\/v2\/comments?post=18"}],"version-history":[{"count":0,"href":"https:\/\/www.palavraporpalavras.com\/Blog\/wp-json\/wp\/v2\/pages\/18\/revisions"}],"wp:attachment":[{"href":"https:\/\/www.palavraporpalavras.com\/Blog\/wp-json\/wp\/v2\/media?parent=18"}],"curies":[{"name":"wp","href":"https:\/\/api.w.org\/{rel}","templated":true}]}}